{"id":612,"date":"2023-07-14T06:11:17","date_gmt":"2023-07-14T04:11:17","guid":{"rendered":"https:\/\/maestrosharing.net\/?page_id=612"},"modified":"2025-02-13T18:47:04","modified_gmt":"2025-02-13T17:47:04","slug":"renouvellement-anciens-clients","status":"publish","type":"page","link":"https:\/\/maestrosharing.net\/index.php\/renouvellement-anciens-clients\/","title":{"rendered":"RENOUVELLEMENT"},"content":{"rendered":"\n<p><\/p>\n\n\n\n<h4 class=\"wp-block-heading has-text-align-center\"><span style=\"color: var(--theme-palette-color-3, #ff1a1a);\" class=\"stk-highlight\">RENOUVELLEMENT POUR NOS ANCIENS CLIENT<\/span><\/h4>\n\n\n\n<h4 class=\"wp-block-heading has-text-align-center\"><span style=\"color: var(--theme-palette-color-2, #1559ed);\" class=\"stk-highlight\">(1 MOIS OFFERT GRATUITEMENT POUR TOUT RENOUVELLEMENT)<\/span><\/h4>\n\n\n\n<h4 class=\"wp-block-heading has-text-align-center\"><span style=\"color: var(--theme-palette-color-3, #ff1a1a);\" class=\"stk-highlight\">\u00c9GALEMENT<\/span>&nbsp;<span style=\"color: var(--theme-palette-color-2, #1559ed);\" class=\"stk-highlight\">1 MOIS OFFERT GRATUITEMENT SUR VOTRE ABONNEMENT ACTUEL \u00a8POUR TOUT PARRAINAGE \u00c0 UN AMI OU UN PROCHE QUI SOUSCRIT \u00c0 NOS SERVICES<\/span><\/h4>\n\n\n\n<h2 class=\"wp-block-heading has-text-align-center\"><strong>Les Cha\u00eene <span style=\"color: var(--theme-palette-color-3, #ff1a1a);\" class=\"stk-highlight\">DAZN LIGUE 1<\/span> sont <span style=\"color: var(--theme-palette-color-3, #ff1a1a);\" class=\"stk-highlight\">Disponible<\/span> sur Tout Nos Serveurs <\/strong><\/h2>\n\n\n\n<h4 class=\"wp-block-heading has-text-align-center\">VOUS AVEZ LA POSSIBILTE AUSSI DE CHANGER DE SERVEUR VEUILLEZ SUIVRE<a href=\"https:\/\/maestrosharing.net\/index.php\/abonnement-the-private-nouveau\/\">&nbsp;<em>CE LIEN THE PRIVATE<\/em><\/a><\/h4>\n\n\n<p><iframe src=\"https:\/\/docs.google.com\/forms\/d\/e\/1FAIpQLSfAHsTL00jAGT725K3dMFQupioqe686eg-ldrqqokvSez_7GA\/viewform?embedded=true\" width=\"1500\" height=\"1605\" frameborder=\"0\" marginheight=\"0\" marginwidth=\"0\">Chargement\u2026<\/iframe><\/p>\n\n\n\n<p><\/p>\n","protected":false},"excerpt":{"rendered":"<p>RENOUVELLEMENT POUR NOS ANCIENS CLIENT (1 MOIS OFFERT GRATUITEMENT POUR TOUT RENOUVELLEMENT) \u00c9GALEMENT&nbsp;1 MOIS OFFERT GRATUITEMENT SUR VOTRE ABONNEMENT ACTUEL \u00a8POUR TOUT PARRAINAGE \u00c0 UN AMI OU UN PROCHE QUI SOUSCRIT \u00c0 NOS SERVICES Les Cha\u00eene DAZN LIGUE 1 sont Disponible sur Tout Nos Serveurs VOUS AVEZ LA POSSIBILTE AUSSI DE CHANGER DE SERVEUR VEUILLEZ [&hellip;]<\/p>\n","protected":false},"author":1,"featured_media":0,"parent":0,"menu_order":0,"comment_status":"closed","ping_status":"closed","template":"","meta":{"footnotes":""},"class_list":["post-612","page","type-page","status-publish","hentry"],"blocksy_meta":[],"yoast_head":"<!-- This site is optimized with the Yoast SEO plugin v27.5 - https:\/\/yoast.com\/product\/yoast-seo-wordpress\/ -->\n<title>RENOUVELLEMENT - Maestrosharing<\/title>\n<meta name=\"robots\" content=\"index, follow, max-snippet:-1, max-image-preview:large, max-video-preview:-1\" \/>\n<link rel=\"canonical\" href=\"https:\/\/maestrosharing.net\/index.php\/renouvellement-anciens-clients\/\" \/>\n<meta property=\"og:locale\" content=\"fr_FR\" \/>\n<meta property=\"og:type\" content=\"article\" \/>\n<meta property=\"og:title\" content=\"RENOUVELLEMENT - Maestrosharing\" \/>\n<meta property=\"og:description\" content=\"RENOUVELLEMENT POUR NOS ANCIENS CLIENT (1 MOIS OFFERT GRATUITEMENT POUR TOUT RENOUVELLEMENT) \u00c9GALEMENT&nbsp;1 MOIS OFFERT GRATUITEMENT SUR VOTRE ABONNEMENT ACTUEL \u00a8POUR TOUT PARRAINAGE \u00c0 UN AMI OU UN PROCHE QUI SOUSCRIT \u00c0 NOS SERVICES Les Cha\u00eene DAZN LIGUE 1 sont Disponible sur Tout Nos Serveurs VOUS AVEZ LA POSSIBILTE AUSSI DE CHANGER DE SERVEUR VEUILLEZ [&hellip;]\" \/>\n<meta property=\"og:url\" content=\"https:\/\/maestrosharing.net\/index.php\/renouvellement-anciens-clients\/\" \/>\n<meta property=\"og:site_name\" content=\"Maestrosharing\" \/>\n<meta property=\"article:modified_time\" content=\"2025-02-13T17:47:04+00:00\" \/>\n<meta name=\"twitter:card\" content=\"summary_large_image\" \/>\n<meta name=\"twitter:label1\" content=\"Dur\u00e9e de lecture estim\u00e9e\" \/>\n\t<meta name=\"twitter:data1\" content=\"1 minute\" \/>\n<script type=\"application\/ld+json\" class=\"yoast-schema-graph\">{\"@context\":\"https:\\\/\\\/schema.org\",\"@graph\":[{\"@type\":\"WebPage\",\"@id\":\"https:\\\/\\\/maestrosharing.net\\\/index.php\\\/renouvellement-anciens-clients\\\/\",\"url\":\"https:\\\/\\\/maestrosharing.net\\\/index.php\\\/renouvellement-anciens-clients\\\/\",\"name\":\"RENOUVELLEMENT - Maestrosharing\",\"isPartOf\":{\"@id\":\"https:\\\/\\\/maestrosharing.net\\\/#website\"},\"datePublished\":\"2023-07-14T04:11:17+00:00\",\"dateModified\":\"2025-02-13T17:47:04+00:00\",\"breadcrumb\":{\"@id\":\"https:\\\/\\\/maestrosharing.net\\\/index.php\\\/renouvellement-anciens-clients\\\/#breadcrumb\"},\"inLanguage\":\"fr-FR\",\"potentialAction\":[{\"@type\":\"ReadAction\",\"target\":[\"https:\\\/\\\/maestrosharing.net\\\/index.php\\\/renouvellement-anciens-clients\\\/\"]}]},{\"@type\":\"BreadcrumbList\",\"@id\":\"https:\\\/\\\/maestrosharing.net\\\/index.php\\\/renouvellement-anciens-clients\\\/#breadcrumb\",\"itemListElement\":[{\"@type\":\"ListItem\",\"position\":1,\"name\":\"Home\",\"item\":\"https:\\\/\\\/maestrosharing.net\\\/\"},{\"@type\":\"ListItem\",\"position\":2,\"name\":\"RENOUVELLEMENT\"}]},{\"@type\":\"WebSite\",\"@id\":\"https:\\\/\\\/maestrosharing.net\\\/#website\",\"url\":\"https:\\\/\\\/maestrosharing.net\\\/\",\"name\":\"Maestrosharing\",\"description\":\"Abonnement iptv\",\"publisher\":{\"@id\":\"https:\\\/\\\/maestrosharing.net\\\/#organization\"},\"potentialAction\":[{\"@type\":\"SearchAction\",\"target\":{\"@type\":\"EntryPoint\",\"urlTemplate\":\"https:\\\/\\\/maestrosharing.net\\\/?s={search_term_string}\"},\"query-input\":{\"@type\":\"PropertyValueSpecification\",\"valueRequired\":true,\"valueName\":\"search_term_string\"}}],\"inLanguage\":\"fr-FR\"},{\"@type\":\"Organization\",\"@id\":\"https:\\\/\\\/maestrosharing.net\\\/#organization\",\"name\":\"Maestrosharing\",\"url\":\"https:\\\/\\\/maestrosharing.net\\\/\",\"logo\":{\"@type\":\"ImageObject\",\"inLanguage\":\"fr-FR\",\"@id\":\"https:\\\/\\\/maestrosharing.net\\\/#\\\/schema\\\/logo\\\/image\\\/\",\"url\":\"https:\\\/\\\/maestrosharing.net\\\/wp-content\\\/uploads\\\/2023\\\/07\\\/Logo.png\",\"contentUrl\":\"https:\\\/\\\/maestrosharing.net\\\/wp-content\\\/uploads\\\/2023\\\/07\\\/Logo.png\",\"width\":114,\"height\":114,\"caption\":\"Maestrosharing\"},\"image\":{\"@id\":\"https:\\\/\\\/maestrosharing.net\\\/#\\\/schema\\\/logo\\\/image\\\/\"}}]}<\/script>\n<!-- \/ Yoast SEO plugin. -->","yoast_head_json":{"title":"RENOUVELLEMENT - Maestrosharing","robots":{"index":"index","follow":"follow","max-snippet":"max-snippet:-1","max-image-preview":"max-image-preview:large","max-video-preview":"max-video-preview:-1"},"canonical":"https:\/\/maestrosharing.net\/index.php\/renouvellement-anciens-clients\/","og_locale":"fr_FR","og_type":"article","og_title":"RENOUVELLEMENT - Maestrosharing","og_description":"RENOUVELLEMENT POUR NOS ANCIENS CLIENT (1 MOIS OFFERT GRATUITEMENT POUR TOUT RENOUVELLEMENT) \u00c9GALEMENT&nbsp;1 MOIS OFFERT GRATUITEMENT SUR VOTRE ABONNEMENT ACTUEL \u00a8POUR TOUT PARRAINAGE \u00c0 UN AMI OU UN PROCHE QUI SOUSCRIT \u00c0 NOS SERVICES Les Cha\u00eene DAZN LIGUE 1 sont Disponible sur Tout Nos Serveurs VOUS AVEZ LA POSSIBILTE AUSSI DE CHANGER DE SERVEUR VEUILLEZ [&hellip;]","og_url":"https:\/\/maestrosharing.net\/index.php\/renouvellement-anciens-clients\/","og_site_name":"Maestrosharing","article_modified_time":"2025-02-13T17:47:04+00:00","twitter_card":"summary_large_image","twitter_misc":{"Dur\u00e9e de lecture estim\u00e9e":"1 minute"},"schema":{"@context":"https:\/\/schema.org","@graph":[{"@type":"WebPage","@id":"https:\/\/maestrosharing.net\/index.php\/renouvellement-anciens-clients\/","url":"https:\/\/maestrosharing.net\/index.php\/renouvellement-anciens-clients\/","name":"RENOUVELLEMENT - Maestrosharing","isPartOf":{"@id":"https:\/\/maestrosharing.net\/#website"},"datePublished":"2023-07-14T04:11:17+00:00","dateModified":"2025-02-13T17:47:04+00:00","breadcrumb":{"@id":"https:\/\/maestrosharing.net\/index.php\/renouvellement-anciens-clients\/#breadcrumb"},"inLanguage":"fr-FR","potentialAction":[{"@type":"ReadAction","target":["https:\/\/maestrosharing.net\/index.php\/renouvellement-anciens-clients\/"]}]},{"@type":"BreadcrumbList","@id":"https:\/\/maestrosharing.net\/index.php\/renouvellement-anciens-clients\/#breadcrumb","itemListElement":[{"@type":"ListItem","position":1,"name":"Home","item":"https:\/\/maestrosharing.net\/"},{"@type":"ListItem","position":2,"name":"RENOUVELLEMENT"}]},{"@type":"WebSite","@id":"https:\/\/maestrosharing.net\/#website","url":"https:\/\/maestrosharing.net\/","name":"Maestrosharing","description":"Abonnement iptv","publisher":{"@id":"https:\/\/maestrosharing.net\/#organization"},"potentialAction":[{"@type":"SearchAction","target":{"@type":"EntryPoint","urlTemplate":"https:\/\/maestrosharing.net\/?s={search_term_string}"},"query-input":{"@type":"PropertyValueSpecification","valueRequired":true,"valueName":"search_term_string"}}],"inLanguage":"fr-FR"},{"@type":"Organization","@id":"https:\/\/maestrosharing.net\/#organization","name":"Maestrosharing","url":"https:\/\/maestrosharing.net\/","logo":{"@type":"ImageObject","inLanguage":"fr-FR","@id":"https:\/\/maestrosharing.net\/#\/schema\/logo\/image\/","url":"https:\/\/maestrosharing.net\/wp-content\/uploads\/2023\/07\/Logo.png","contentUrl":"https:\/\/maestrosharing.net\/wp-content\/uploads\/2023\/07\/Logo.png","width":114,"height":114,"caption":"Maestrosharing"},"image":{"@id":"https:\/\/maestrosharing.net\/#\/schema\/logo\/image\/"}}]}},"_links":{"self":[{"href":"https:\/\/maestrosharing.net\/index.php\/wp-json\/wp\/v2\/pages\/612","targetHints":{"allow":["GET"]}}],"collection":[{"href":"https:\/\/maestrosharing.net\/index.php\/wp-json\/wp\/v2\/pages"}],"about":[{"href":"https:\/\/maestrosharing.net\/index.php\/wp-json\/wp\/v2\/types\/page"}],"author":[{"embeddable":true,"href":"https:\/\/maestrosharing.net\/index.php\/wp-json\/wp\/v2\/users\/1"}],"replies":[{"embeddable":true,"href":"https:\/\/maestrosharing.net\/index.php\/wp-json\/wp\/v2\/comments?post=612"}],"version-history":[{"count":10,"href":"https:\/\/maestrosharing.net\/index.php\/wp-json\/wp\/v2\/pages\/612\/revisions"}],"predecessor-version":[{"id":2403,"href":"https:\/\/maestrosharing.net\/index.php\/wp-json\/wp\/v2\/pages\/612\/revisions\/2403"}],"wp:attachment":[{"href":"https:\/\/maestrosharing.net\/index.php\/wp-json\/wp\/v2\/media?parent=612"}],"curies":[{"name":"wp","href":"https:\/\/api.w.org\/{rel}","templated":true}]}}